{"id":90,"date":"2020-03-20T11:36:06","date_gmt":"2020-03-20T10:36:06","guid":{"rendered":"http:\/\/www.domoconzept-facility.de\/?page_id=90"},"modified":"2020-03-20T11:36:06","modified_gmt":"2020-03-20T10:36:06","slug":"referenzen","status":"publish","type":"page","link":"https:\/\/www.domoconzept-facility.de\/?page_id=90","title":{"rendered":"Referenzen"},"content":{"rendered":"\n<p>\u00dcberzeugen Sie sich selbst von den kompetenten H\u00e4nden unseres qualifizierten Teams. St\u00f6bern Sie durch unsere Referenzprojekte.&nbsp;<\/p>\n","protected":false},"excerpt":{"rendered":"<p>\u00dcberzeugen Sie sich selbst von den kompetenten H\u00e4nden unseres qualifizierten Teams. St\u00f6bern Sie durch unsere Referenzprojekte.&nbsp;<\/p>\n","protected":false},"author":1,"featured_media":0,"parent":0,"menu_order":0,"comment_status":"closed","ping_status":"closed","template":"","meta":[],"_links":{"self":[{"href":"https:\/\/www.domoconzept-facility.de\/index.php?rest_route=\/wp\/v2\/pages\/90"}],"collection":[{"href":"https:\/\/www.domoconzept-facility.de\/index.php?rest_route=\/wp\/v2\/pages"}],"about":[{"href":"https:\/\/www.domoconzept-facility.de\/index.php?rest_route=\/wp\/v2\/types\/page"}],"author":[{"embeddable":true,"href":"https:\/\/www.domoconzept-facility.de\/index.php?rest_route=\/wp\/v2\/users\/1"}],"replies":[{"embeddable":true,"href":"https:\/\/www.domoconzept-facility.de\/index.php?rest_route=%2Fwp%2Fv2%2Fcomments&post=90"}],"version-history":[{"count":2,"href":"https:\/\/www.domoconzept-facility.de\/index.php?rest_route=\/wp\/v2\/pages\/90\/revisions"}],"predecessor-version":[{"id":107,"href":"https:\/\/www.domoconzept-facility.de\/index.php?rest_route=\/wp\/v2\/pages\/90\/revisions\/107"}],"wp:attachment":[{"href":"https:\/\/www.domoconzept-facility.de\/index.php?rest_route=%2Fwp%2Fv2%2Fmedia&parent=90"}],"curies":[{"name":"wp","href":"https:\/\/api.w.org\/{rel}","templated":true}]}}