{"id":79,"date":"2020-03-20T11:34:53","date_gmt":"2020-03-20T10:34:53","guid":{"rendered":"http:\/\/www.domoconzept-facility.de\/?page_id=79"},"modified":"2020-03-20T11:34:53","modified_gmt":"2020-03-20T10:34:53","slug":"hausmeisterservice","status":"publish","type":"page","link":"https:\/\/www.domoconzept-facility.de\/?page_id=79","title":{"rendered":"Hausmeisterservice"},"content":{"rendered":"\n<p>Eine Immobilie erfordert viel Pflege und zeitliche Zuwendung. Schnell kommt Einiges zusammen, worum sich gek\u00fcmmert werden muss.&nbsp;<\/p>\n\n\n\n<p>Nicht nur das Putzen der eigenen vier W\u00e4nde z\u00e4hlt dazu, sondern auch die Reinigung des Treppenhauses, die Pflege der Gemeinschaftsbereiche, Im Winter muss der Schnee beseitigt und gestreut werden. Schnell ist die eigene Zeit nach der Arbeit aufgebraucht und es bleibt keine Zeit der Entspannung. Damit Sie sich getrost&nbsp;&nbsp;in Ihrer Immobilie wohlf\u00fchlen und entspannen k\u00f6nnen, gibt es uns \u2013 die DOMOCONZEPT FACILITY UND INNENAUSBAU GmbH.&nbsp;<\/p>\n\n\n\n<p>Der Hausmeisterservice umfasst ein Facettenreiches Angebotsspektrum rund um Ihr Objekt.&nbsp;<\/p>\n\n\n\n<p><em>Unsere Leistungen:&nbsp;<\/em><\/p>\n\n\n\n<ul><li>Treppenhausreinigung&nbsp;<\/li><li>Reinigung der Gemeinschaftsbereiche&nbsp;<\/li><li>Winterdienst&nbsp;<\/li><li>Kontrolle des Objektsubstanz<\/li><li>\u00dcberwachung der Objektanlagen wie z.B. Heizungsanlage&nbsp;<\/li><li>Kleine Reparaturen&nbsp;<\/li><\/ul>\n\n\n\n<p>Oftmals bringt das Aufteilen der verschiedenen Aufgaben unter den Bewohnern auf lange Sicht Chaos mit sich. Immer steht mal etwas im Weg, Urlaub, Krankheit oder \u00e4hnliches und schon kann der abgesprochene Plan nicht mehr eingehalten werden. Geben Sie alle Aufgaben an einen Partner, damit die Ausf\u00fchrung \u00fcbersichtlicher und damit vereinfacht wird . Mit uns haben Sie die Sicherheit, dass die Reinigung sowie die Pflege Ihres Objektes zu abgesprochenen Zeitpunkten und zugesicherten Intervallen durchgef\u00fchrt werden.&nbsp;<\/p>\n","protected":false},"excerpt":{"rendered":"<p>Eine Immobilie erfordert viel Pflege und zeitliche Zuwendung. Schnell kommt Einiges zusammen, worum sich gek\u00fcmmert werden muss.&nbsp; Nicht nur das Putzen der eigenen vier W\u00e4nde z\u00e4hlt dazu, sondern auch die &#8230;<\/p>\n","protected":false},"author":1,"featured_media":0,"parent":0,"menu_order":0,"comment_status":"closed","ping_status":"closed","template":"","meta":[],"_links":{"self":[{"href":"https:\/\/www.domoconzept-facility.de\/index.php?rest_route=\/wp\/v2\/pages\/79"}],"collection":[{"href":"https:\/\/www.domoconzept-facility.de\/index.php?rest_route=\/wp\/v2\/pages"}],"about":[{"href":"https:\/\/www.domoconzept-facility.de\/index.php?rest_route=\/wp\/v2\/types\/page"}],"author":[{"embeddable":true,"href":"https:\/\/www.domoconzept-facility.de\/index.php?rest_route=\/wp\/v2\/users\/1"}],"replies":[{"embeddable":true,"href":"https:\/\/www.domoconzept-facility.de\/index.php?rest_route=%2Fwp%2Fv2%2Fcomments&post=79"}],"version-history":[{"count":1,"href":"https:\/\/www.domoconzept-facility.de\/index.php?rest_route=\/wp\/v2\/pages\/79\/revisions"}],"predecessor-version":[{"id":80,"href":"https:\/\/www.domoconzept-facility.de\/index.php?rest_route=\/wp\/v2\/pages\/79\/revisions\/80"}],"wp:attachment":[{"href":"https:\/\/www.domoconzept-facility.de\/index.php?rest_route=%2Fwp%2Fv2%2Fmedia&parent=79"}],"curies":[{"name":"wp","href":"https:\/\/api.w.org\/{rel}","templated":true}]}}