{"id":77,"date":"2020-03-20T11:34:12","date_gmt":"2020-03-20T10:34:12","guid":{"rendered":"http:\/\/www.domoconzept-facility.de\/?page_id=77"},"modified":"2020-03-20T11:34:13","modified_gmt":"2020-03-20T10:34:13","slug":"abbrucharbeiten","status":"publish","type":"page","link":"https:\/\/www.domoconzept-facility.de\/?page_id=77","title":{"rendered":"Abbrucharbeiten"},"content":{"rendered":"\n<p>Manchmal m\u00f6chte man seine eigene Immobilie einfach neu erfinden oder neu gestalten.&nbsp;<\/p>\n\n\n\n<p>Gelegentlich m\u00f6chte man zwei Wohnungen verbinden oder den eigenen Wohnraum vergr\u00f6\u00dfern, die K\u00fcche \u00f6ffnen oder einfach mehr Freiraum haben. Wir sind Ihnen dabei behilflich die Statik zu kontrollieren und Ihre Wand kontrolliert und sicher zu entfernen, damit Sie mehr Luft zum atmen haben.&nbsp;<\/p>\n","protected":false},"excerpt":{"rendered":"<p>Manchmal m\u00f6chte man seine eigene Immobilie einfach neu erfinden oder neu gestalten.&nbsp; Gelegentlich m\u00f6chte man zwei Wohnungen verbinden oder den eigenen Wohnraum vergr\u00f6\u00dfern, die K\u00fcche \u00f6ffnen oder einfach mehr Freiraum &#8230;<\/p>\n","protected":false},"author":1,"featured_media":0,"parent":0,"menu_order":0,"comment_status":"closed","ping_status":"closed","template":"","meta":[],"_links":{"self":[{"href":"https:\/\/www.domoconzept-facility.de\/index.php?rest_route=\/wp\/v2\/pages\/77"}],"collection":[{"href":"https:\/\/www.domoconzept-facility.de\/index.php?rest_route=\/wp\/v2\/pages"}],"about":[{"href":"https:\/\/www.domoconzept-facility.de\/index.php?rest_route=\/wp\/v2\/types\/page"}],"author":[{"embeddable":true,"href":"https:\/\/www.domoconzept-facility.de\/index.php?rest_route=\/wp\/v2\/users\/1"}],"replies":[{"embeddable":true,"href":"https:\/\/www.domoconzept-facility.de\/index.php?rest_route=%2Fwp%2Fv2%2Fcomments&post=77"}],"version-history":[{"count":2,"href":"https:\/\/www.domoconzept-facility.de\/index.php?rest_route=\/wp\/v2\/pages\/77\/revisions"}],"predecessor-version":[{"id":153,"href":"https:\/\/www.domoconzept-facility.de\/index.php?rest_route=\/wp\/v2\/pages\/77\/revisions\/153"}],"wp:attachment":[{"href":"https:\/\/www.domoconzept-facility.de\/index.php?rest_route=%2Fwp%2Fv2%2Fmedia&parent=77"}],"curies":[{"name":"wp","href":"https:\/\/api.w.org\/{rel}","templated":true}]}}